{"id":5,"date":"2020-01-13T11:17:52","date_gmt":"2020-01-13T11:17:52","guid":{"rendered":"https:\/\/demosites.io\/web-agency-gb\/?page_id=5"},"modified":"2024-06-22T10:06:48","modified_gmt":"2024-06-22T10:06:48","slug":"15c42-web-agency-gb-home","status":"publish","type":"page","link":"https:\/\/tgaudiri.org\/zh\/15c42-web-agency-gb-home\/","title":{"rendered":"Home_22\/6"},"content":{"rendered":"<div data-elementor-type=\"wp-page\" data-elementor-id=\"5\" class=\"elementor elementor-5\">\n\t\t\t\t<div class=\"elementor-element elementor-element-9184997 e-flex e-con-boxed e-con e-parent\" data-id=\"9184997\" data-element_type=\"container\">\n\t\t\t\t\t<div class=\"e-con-inner\">\n\t\t\t\t<div class=\"elementor-element elementor-element-cc5d835 elementor-widget__width-inherit elementor-widget elementor-widget-image\" data-id=\"cc5d835\" data-element_type=\"widget\" data-widget_type=\"image.default\">\n\t\t\t\t<div class=\"elementor-widget-container\">\n\t\t\t<style>\/*! elementor - v3.23.0 - 15-07-2024 *\/\n.elementor-widget-image{text-align:center}.elementor-widget-image a{display:inline-block}.elementor-widget-image a img[src$=\".svg\"]{width:48px}.elementor-widget-image img{vertical-align:middle;display:inline-block}<\/style>\t\t\t\t\t\t\t\t\t\t<img fetchpriority=\"high\" decoding=\"async\" width=\"21024\" height=\"3601\" src=\"https:\/\/tgaudiri.org\/wp-content\/uploads\/2024\/06\/TGRI_6371.jpg\" class=\"attachment-full size-full wp-image-1162\" alt=\"\" srcset=\"https:\/\/tgaudiri.org\/wp-content\/uploads\/2024\/06\/TGRI_6371.jpg 21024w, https:\/\/tgaudiri.org\/wp-content\/uploads\/2024\/06\/TGRI_6371-18x3.jpg 18w\" sizes=\"100vw\" \/>\t\t\t\t\t\t\t\t\t\t\t\t\t<\/div>\n\t\t\t\t<\/div>\n\t\t\t\t\t<\/div>\n\t\t\t\t<\/div>\n\t\t<div class=\"elementor-element elementor-element-24e5a17 e-flex e-con-boxed e-con e-parent\" data-id=\"24e5a17\" data-element_type=\"container\">\n\t\t\t\t\t<div class=\"e-con-inner\">\n\t\t\t\t<div class=\"elementor-element elementor-element-dae318c elementor-widget elementor-widget-spacer\" data-id=\"dae318c\" data-element_type=\"widget\" data-widget_type=\"spacer.default\">\n\t\t\t\t<div class=\"elementor-widget-container\">\n\t\t\t<style>\/*! elementor - v3.23.0 - 15-07-2024 *\/\n.elementor-column .elementor-spacer-inner{height:var(--spacer-size)}.e-con{--container-widget-width:100%}.e-con-inner>.elementor-widget-spacer,.e-con>.elementor-widget-spacer{width:var(--container-widget-width,var(--spacer-size));--align-self:var(--container-widget-align-self,initial);--flex-shrink:0}.e-con-inner>.elementor-widget-spacer>.elementor-widget-container,.e-con>.elementor-widget-spacer>.elementor-widget-container{height:100%;width:100%}.e-con-inner>.elementor-widget-spacer>.elementor-widget-container>.elementor-spacer,.e-con>.elementor-widget-spacer>.elementor-widget-container>.elementor-spacer{height:100%}.e-con-inner>.elementor-widget-spacer>.elementor-widget-container>.elementor-spacer>.elementor-spacer-inner,.e-con>.elementor-widget-spacer>.elementor-widget-container>.elementor-spacer>.elementor-spacer-inner{height:var(--container-widget-height,var(--spacer-size))}.e-con-inner>.elementor-widget-spacer.elementor-widget-empty,.e-con>.elementor-widget-spacer.elementor-widget-empty{position:relative;min-height:22px;min-width:22px}.e-con-inner>.elementor-widget-spacer.elementor-widget-empty .elementor-widget-empty-icon,.e-con>.elementor-widget-spacer.elementor-widget-empty .elementor-widget-empty-icon{position:absolute;top:0;bottom:0;left:0;right:0;margin:auto;padding:0;width:22px;height:22px}<\/style>\t\t<div class=\"elementor-spacer\">\n\t\t\t<div class=\"elementor-spacer-inner\"><\/div>\n\t\t<\/div>\n\t\t\t\t<\/div>\n\t\t\t\t<\/div>\n\t\t\t\t\t<\/div>\n\t\t\t\t<\/div>\n\t\t<div class=\"elementor-element elementor-element-ffc34d7 e-con-full e-flex elementor-invisible e-con e-parent\" data-id=\"ffc34d7\" data-element_type=\"container\" data-settings=\"{&quot;shape_divider_top&quot;:&quot;opacity-tilt&quot;,&quot;animation&quot;:&quot;fadeIn&quot;}\">\n\t\t\t\t<div class=\"elementor-shape elementor-shape-top\" data-negative=\"false\">\n\t\t\t<svg xmlns=\"http:\/\/www.w3.org\/2000\/svg\" viewbox=\"0 0 2600 131.1\" preserveaspectratio=\"none\">\n\t<path class=\"elementor-shape-fill\" d=\"M0 0L2600 0 2600 69.1 0 0z\"\/>\n\t<path class=\"elementor-shape-fill\" style=\"opacity:0.5\" d=\"M0 0L2600 0 2600 69.1 0 69.1z\"\/>\n\t<path class=\"elementor-shape-fill\" style=\"opacity:0.25\" d=\"M2600 0L0 0 0 130.1 2600 69.1z\"\/>\n<\/svg>\t\t<\/div>\n\t\t\t\t<div class=\"elementor-element elementor-element-7be8eb7 elementor-widget__width-inherit elementor-widget elementor-widget-heading\" data-id=\"7be8eb7\" data-element_type=\"widget\" data-widget_type=\"heading.default\">\n\t\t\t\t<div class=\"elementor-widget-container\">\n\t\t\t<style>\/*! elementor - v3.23.0 - 15-07-2024 *\/\n.elementor-heading-title{padding:0;margin:0;line-height:1}.elementor-widget-heading .elementor-heading-title[class*=elementor-size-]>a{color:inherit;font-size:inherit;line-height:inherit}.elementor-widget-heading .elementor-heading-title.elementor-size-small{font-size:15px}.elementor-widget-heading .elementor-heading-title.elementor-size-medium{font-size:19px}.elementor-widget-heading .elementor-heading-title.elementor-size-large{font-size:29px}.elementor-widget-heading .elementor-heading-title.elementor-size-xl{font-size:39px}.elementor-widget-heading .elementor-heading-title.elementor-size-xxl{font-size:59px}<\/style><h3 class=\"elementor-heading-title elementor-size-default\">Gaud\u00ed overcame all establish limits regarding shapes \/ Arata Isozaki \/ Pritzker Architecture Prize 2019 \/ Honorary President of Gaud\u00ed World Congresses organized by The Gaud\u00ed Research Institute<\/h3>\t\t<\/div>\n\t\t\t\t<\/div>\n\t\t\t\t<\/div>\n\t\t<div class=\"elementor-element elementor-element-4dec31aa e-con-full e-flex e-con e-parent\" data-id=\"4dec31aa\" data-element_type=\"container\" data-settings=\"{&quot;background_background&quot;:&quot;classic&quot;}\">\n\t\t<div class=\"elementor-element elementor-element-1ccea7ca e-con-full e-flex e-con e-child\" data-id=\"1ccea7ca\" data-element_type=\"container\">\n\t\t\t\t<div class=\"elementor-element elementor-element-3edd4331 elementor-widget elementor-widget-heading\" data-id=\"3edd4331\" data-element_type=\"widget\" data-widget_type=\"heading.default\">\n\t\t\t\t<div class=\"elementor-widget-container\">\n\t\t\t<h1 class=\"elementor-heading-title elementor-size-default\">\u9ad8\u8fea\u7814\u7a76\u6240<\/h1>\t\t<\/div>\n\t\t\t\t<\/div>\n\t\t\t\t<div class=\"elementor-element elementor-element-63016b85 elementor-widget elementor-widget-text-editor\" data-id=\"63016b85\" data-element_type=\"widget\" data-widget_type=\"text-editor.default\">\n\t\t\t\t<div class=\"elementor-widget-container\">\n\t\t\t<style>\/*! elementor - v3.23.0 - 15-07-2024 *\/\n.elementor-widget-text-editor.elementor-drop-cap-view-stacked .elementor-drop-cap{background-color:#69727d;color:#fff}.elementor-widget-text-editor.elementor-drop-cap-view-framed .elementor-drop-cap{color:#69727d;border:3px solid;background-color:transparent}.elementor-widget-text-editor:not(.elementor-drop-cap-view-default) .elementor-drop-cap{margin-top:8px}.elementor-widget-text-editor:not(.elementor-drop-cap-view-default) .elementor-drop-cap-letter{width:1em;height:1em}.elementor-widget-text-editor .elementor-drop-cap{float:left;text-align:center;line-height:1;font-size:50px}.elementor-widget-text-editor .elementor-drop-cap-letter{display:inline-block}<\/style>\t\t\t\t<p>\u9ad8\u8fea\u7814\u7a76\u6240\u6b63\u5728\u4e66\u5199\u4e00\u4e2a\u5173\u4e8e\u9ad8\u8fea\u7684\u5168\u65b0\u6545\u4e8b\uff1a\u6211\u4eec\u73b0\u5728\u7ec8\u4e8e\u53ef\u4ee5\u53d1\u73b0\u771f\u6b63\u7684\u9ad8\u8fea\u3002<\/p>\t\t\t\t\t\t<\/div>\n\t\t\t\t<\/div>\n\t\t\t\t<div class=\"elementor-element elementor-element-71eff160 elementor-mobile-align-center elementor-widget elementor-widget-button\" data-id=\"71eff160\" data-element_type=\"widget\" data-widget_type=\"button.default\">\n\t\t\t\t<div class=\"elementor-widget-container\">\n\t\t\t\t\t<div class=\"elementor-button-wrapper\">\n\t\t\t<a class=\"elementor-button elementor-button-link elementor-size-sm\" href=\"https:\/\/tgaudiri.org\/zh\/15c42-web-agency-gb-about-us\/\">\n\t\t\t\t\t\t<span class=\"elementor-button-content-wrapper\">\n\t\t\t\t\t\t\t\t\t<span class=\"elementor-button-text\">\u5173\u4e8e\u6211\u4eec<\/span>\n\t\t\t\t\t<\/span>\n\t\t\t\t\t<\/a>\n\t\t<\/div>\n\t\t\t\t<\/div>\n\t\t\t\t<\/div>\n\t\t\t\t<\/div>\n\t\t\t\t<div class=\"elementor-element elementor-element-8767254 elementor-widget elementor-widget-video\" data-id=\"8767254\" data-element_type=\"widget\" data-settings=\"{&quot;youtube_url&quot;:&quot;https:\\\/\\\/youtu.be\\\/SRz-kyaH8_E?si=CpDFs32t0j8FgW0s&quot;,&quot;autoplay&quot;:&quot;yes&quot;,&quot;play_on_mobile&quot;:&quot;yes&quot;,&quot;mute&quot;:&quot;yes&quot;,&quot;video_type&quot;:&quot;youtube&quot;,&quot;controls&quot;:&quot;yes&quot;}\" data-widget_type=\"video.default\">\n\t\t\t\t<div class=\"elementor-widget-container\">\n\t\t\t<style>\/*! elementor - v3.23.0 - 15-07-2024 *\/\n.elementor-widget-video .elementor-widget-container{overflow:hidden;transform:translateZ(0)}.elementor-widget-video .elementor-wrapper{aspect-ratio:var(--video-aspect-ratio)}.elementor-widget-video .elementor-wrapper iframe,.elementor-widget-video .elementor-wrapper video{height:100%;width:100%;display:flex;border:none;background-color:#000}@supports not (aspect-ratio:1\/1){.elementor-widget-video .elementor-wrapper{position:relative;overflow:hidden;height:0;padding-bottom:calc(100% \/ var(--video-aspect-ratio))}.elementor-widget-video .elementor-wrapper iframe,.elementor-widget-video .elementor-wrapper video{position:absolute;top:0;right:0;bottom:0;left:0}}.elementor-widget-video .elementor-open-inline .elementor-custom-embed-image-overlay{position:absolute;top:0;right:0;bottom:0;left:0;background-size:cover;background-position:50%}.elementor-widget-video .elementor-custom-embed-image-overlay{cursor:pointer;text-align:center}.elementor-widget-video .elementor-custom-embed-image-overlay:hover .elementor-custom-embed-play i{opacity:1}.elementor-widget-video .elementor-custom-embed-image-overlay img{display:block;width:100%;aspect-ratio:var(--video-aspect-ratio);-o-object-fit:cover;object-fit:cover;-o-object-position:center center;object-position:center center}@supports not (aspect-ratio:1\/1){.elementor-widget-video .elementor-custom-embed-image-overlay{position:relative;overflow:hidden;height:0;padding-bottom:calc(100% \/ var(--video-aspect-ratio))}.elementor-widget-video .elementor-custom-embed-image-overlay img{position:absolute;top:0;right:0;bottom:0;left:0}}.elementor-widget-video .e-hosted-video .elementor-video{-o-object-fit:cover;object-fit:cover}.e-con-inner>.elementor-widget-video,.e-con>.elementor-widget-video{width:var(--container-widget-width);--flex-grow:var(--container-widget-flex-grow)}<\/style>\t\t<div class=\"elementor-wrapper elementor-open-inline\">\n\t\t\t<div class=\"elementor-video\"><\/div>\t\t<\/div>\n\t\t\t\t<\/div>\n\t\t\t\t<\/div>\n\t\t\t\t<\/div>\n\t\t<div class=\"elementor-element elementor-element-15f8b0b e-flex e-con-boxed e-con e-parent\" data-id=\"15f8b0b\" data-element_type=\"container\">\n\t\t\t\t\t<div class=\"e-con-inner\">\n\t\t\t\t<div class=\"elementor-element elementor-element-beee379 elementor-widget elementor-widget-spacer\" data-id=\"beee379\" data-element_type=\"widget\" data-widget_type=\"spacer.default\">\n\t\t\t\t<div class=\"elementor-widget-container\">\n\t\t\t\t\t<div class=\"elementor-spacer\">\n\t\t\t<div class=\"elementor-spacer-inner\"><\/div>\n\t\t<\/div>\n\t\t\t\t<\/div>\n\t\t\t\t<\/div>\n\t\t\t\t\t<\/div>\n\t\t\t\t<\/div>\n\t\t<div class=\"elementor-element elementor-element-b24491a e-flex e-con-boxed e-con e-parent\" data-id=\"b24491a\" data-element_type=\"container\">\n\t\t\t\t\t<div class=\"e-con-inner\">\n\t\t<div class=\"elementor-element elementor-element-4cf17c4 e-con-full e-flex e-con e-child\" data-id=\"4cf17c4\" data-element_type=\"container\">\n\t\t<div class=\"elementor-element elementor-element-0afbd5e e-con-full e-flex e-con e-child\" data-id=\"0afbd5e\" data-element_type=\"container\">\n\t\t\t\t<div class=\"elementor-element elementor-element-16caf6a elementor-widget elementor-widget-image\" data-id=\"16caf6a\" data-element_type=\"widget\" data-widget_type=\"image.default\">\n\t\t\t\t<div class=\"elementor-widget-container\">\n\t\t\t\t\t\t\t\t\t\t\t\t\t<img decoding=\"async\" width=\"658\" height=\"494\" src=\"https:\/\/tgaudiri.org\/wp-content\/uploads\/2024\/06\/gaudi_congress_barcelona.jpg\" class=\"elementor-animation-shrink attachment-large size-large wp-image-571\" alt=\"\" srcset=\"https:\/\/tgaudiri.org\/wp-content\/uploads\/2024\/06\/gaudi_congress_barcelona.jpg 658w, https:\/\/tgaudiri.org\/wp-content\/uploads\/2024\/06\/gaudi_congress_barcelona-300x225.jpg 300w, https:\/\/tgaudiri.org\/wp-content\/uploads\/2024\/06\/gaudi_congress_barcelona-600x450.jpg 600w, https:\/\/tgaudiri.org\/wp-content\/uploads\/2024\/06\/gaudi_congress_barcelona-16x12.jpg 16w\" sizes=\"100vw\" \/>\t\t\t\t\t\t\t\t\t\t\t\t\t<\/div>\n\t\t\t\t<\/div>\n\t\t\t\t<div class=\"elementor-element elementor-element-f9299dc elementor-widget elementor-widget-image\" data-id=\"f9299dc\" data-element_type=\"widget\" data-widget_type=\"image.default\">\n\t\t\t\t<div class=\"elementor-widget-container\">\n\t\t\t\t\t\t\t\t\t\t\t\t\t<img decoding=\"async\" width=\"474\" height=\"646\" src=\"https:\/\/tgaudiri.org\/wp-content\/uploads\/2024\/06\/gaudi_congress_barcelona_3_1.jpg\" class=\"elementor-animation-shrink attachment-large size-large wp-image-575\" alt=\"\" srcset=\"https:\/\/tgaudiri.org\/wp-content\/uploads\/2024\/06\/gaudi_congress_barcelona_3_1.jpg 474w, https:\/\/tgaudiri.org\/wp-content\/uploads\/2024\/06\/gaudi_congress_barcelona_3_1-220x300.jpg 220w, https:\/\/tgaudiri.org\/wp-content\/uploads\/2024\/06\/gaudi_congress_barcelona_3_1-9x12.jpg 9w\" sizes=\"100vw\" \/>\t\t\t\t\t\t\t\t\t\t\t\t\t<\/div>\n\t\t\t\t<\/div>\n\t\t\t\t<\/div>\n\t\t<div class=\"elementor-element elementor-element-a7750a9 e-con-full e-flex e-con e-child\" data-id=\"a7750a9\" data-element_type=\"container\">\n\t\t\t\t<div class=\"elementor-element elementor-element-1f2c288 elementor-widget elementor-widget-image\" data-id=\"1f2c288\" data-element_type=\"widget\" data-widget_type=\"image.default\">\n\t\t\t\t<div class=\"elementor-widget-container\">\n\t\t\t\t\t\t\t\t\t\t\t\t\t<img loading=\"lazy\" decoding=\"async\" width=\"474\" height=\"542\" src=\"https:\/\/tgaudiri.org\/wp-content\/uploads\/2024\/06\/gaudi_congress_barcelona_2.jpg\" class=\"elementor-animation-shrink attachment-large size-large wp-image-574\" alt=\"\" srcset=\"https:\/\/tgaudiri.org\/wp-content\/uploads\/2024\/06\/gaudi_congress_barcelona_2.jpg 474w, https:\/\/tgaudiri.org\/wp-content\/uploads\/2024\/06\/gaudi_congress_barcelona_2-262x300.jpg 262w, https:\/\/tgaudiri.org\/wp-content\/uploads\/2024\/06\/gaudi_congress_barcelona_2-10x12.jpg 10w\" sizes=\"100vw\" \/>\t\t\t\t\t\t\t\t\t\t\t\t\t<\/div>\n\t\t\t\t<\/div>\n\t\t\t\t<div class=\"elementor-element elementor-element-4e9af3e elementor-widget elementor-widget-image\" data-id=\"4e9af3e\" data-element_type=\"widget\" data-widget_type=\"image.default\">\n\t\t\t\t<div class=\"elementor-widget-container\">\n\t\t\t\t\t\t\t\t\t\t\t\t\t<img loading=\"lazy\" decoding=\"async\" width=\"950\" height=\"662\" src=\"https:\/\/tgaudiri.org\/wp-content\/uploads\/2024\/06\/4-1024x714.png\" class=\"elementor-animation-shrink attachment-large size-large wp-image-576\" alt=\"\" srcset=\"https:\/\/tgaudiri.org\/wp-content\/uploads\/2024\/06\/4-1024x714.png 1024w, https:\/\/tgaudiri.org\/wp-content\/uploads\/2024\/06\/4-300x209.png 300w, https:\/\/tgaudiri.org\/wp-content\/uploads\/2024\/06\/4-2000x1395.png 2000w, https:\/\/tgaudiri.org\/wp-content\/uploads\/2024\/06\/4-1536x1072.png 1536w, https:\/\/tgaudiri.org\/wp-content\/uploads\/2024\/06\/4-2048x1429.png 2048w, https:\/\/tgaudiri.org\/wp-content\/uploads\/2024\/06\/4-600x419.png 600w, https:\/\/tgaudiri.org\/wp-content\/uploads\/2024\/06\/4-1200x837.png 1200w, https:\/\/tgaudiri.org\/wp-content\/uploads\/2024\/06\/4-18x12.png 18w\" sizes=\"100vw\" \/>\t\t\t\t\t\t\t\t\t\t\t\t\t<\/div>\n\t\t\t\t<\/div>\n\t\t\t\t<\/div>\n\t\t\t\t<\/div>\n\t\t<div class=\"elementor-element elementor-element-ce39193 e-con-full e-flex e-con e-child\" data-id=\"ce39193\" data-element_type=\"container\">\n\t\t\t\t<div class=\"elementor-element elementor-element-f585c2e elementor-widget elementor-widget-heading\" data-id=\"f585c2e\" data-element_type=\"widget\" data-widget_type=\"heading.default\">\n\t\t\t\t<div class=\"elementor-widget-container\">\n\t\t\t<h3 class=\"elementor-heading-title elementor-size-default\">\u9ad8\u8fea\u4e16\u754c\u7814\u8ba8\u4f1a<\/h3>\t\t<\/div>\n\t\t\t\t<\/div>\n\t\t\t\t<div class=\"elementor-element elementor-element-a509b13 elementor-widget elementor-widget-text-editor\" data-id=\"a509b13\" data-element_type=\"widget\" data-widget_type=\"text-editor.default\">\n\t\t\t\t<div class=\"elementor-widget-container\">\n\t\t\t\t\t\t\t<p>The World Congress Gaud\u00ed is an international event dedicated to celebrating and exploring the works and influence of the renowned architect Antoni Gaud\u00ed.<\/p>\t\t\t\t\t\t<\/div>\n\t\t\t\t<\/div>\n\t\t\t\t<div class=\"elementor-element elementor-element-3e959cd elementor-mobile-align-center elementor-invisible elementor-widget elementor-widget-button\" data-id=\"3e959cd\" data-element_type=\"widget\" data-settings=\"{&quot;_animation&quot;:&quot;fadeInDown&quot;}\" data-widget_type=\"button.default\">\n\t\t\t\t<div class=\"elementor-widget-container\">\n\t\t\t\t\t<div class=\"elementor-button-wrapper\">\n\t\t\t<a class=\"elementor-button elementor-button-link elementor-size-sm\" href=\"https:\/\/tgaudiri.org\/zh\/exhibition\/\">\n\t\t\t\t\t\t<span class=\"elementor-button-content-wrapper\">\n\t\t\t\t\t\t\t\t\t<span class=\"elementor-button-text\">Learn more<\/span>\n\t\t\t\t\t<\/span>\n\t\t\t\t\t<\/a>\n\t\t<\/div>\n\t\t\t\t<\/div>\n\t\t\t\t<\/div>\n\t\t\t\t<\/div>\n\t\t\t\t\t<\/div>\n\t\t\t\t<\/div>\n\t\t<footer class=\"elementor-element elementor-element-2f569126 e-con-full e-flex e-con e-parent\" data-id=\"2f569126\" data-element_type=\"container\">\n\t\t<div class=\"elementor-element elementor-element-73248915 e-con-full e-flex e-con e-child\" data-id=\"73248915\" data-element_type=\"container\">\n\t\t\t\t<div class=\"elementor-element elementor-element-2e25a95b elementor-icon-list--layout-inline elementor-tablet-align-center elementor-align-center elementor-list-item-link-full_width elementor-widget elementor-widget-icon-list\" data-id=\"2e25a95b\" data-element_type=\"widget\" data-widget_type=\"icon-list.default\">\n\t\t\t\t<div class=\"elementor-widget-container\">\n\t\t\t<link rel=\"stylesheet\" href=\"https:\/\/tgaudiri.org\/wp-content\/plugins\/elementor\/assets\/css\/widget-icon-list.min.css\">\t\t<ul class=\"elementor-icon-list-items elementor-inline-items\">\n\t\t\t\t\t\t\t<li class=\"elementor-icon-list-item elementor-inline-item\">\n\t\t\t\t\t\t\t\t\t\t<span class=\"elementor-icon-list-text\">(+34) 93 640 79 82<\/span>\n\t\t\t\t\t\t\t\t\t<\/li>\n\t\t\t\t\t\t\t\t<li class=\"elementor-icon-list-item elementor-inline-item\">\n\t\t\t\t\t\t\t\t\t\t<span class=\"elementor-icon-list-text\">Historical industrial site of Col\u00f2nia G\u00fcell \u00b7 Filatures building 08690 Barcelona<\/span>\n\t\t\t\t\t\t\t\t\t<\/li>\n\t\t\t\t\t\t<\/ul>\n\t\t\t\t<\/div>\n\t\t\t\t<\/div>\n\t\t\t\t<\/div>\n\t\t\t\t<\/footer>\n\t\t\t\t<\/div>","protected":false},"excerpt":{"rendered":"<p>Gaud\u00ed overcame all establish limits regarding shapes \/ Arata Isozaki \/ Pritzker Architecture Prize 2019 \/ Honorary President of Gaud\u00ed World Congresses organized by The Gaud\u00ed Research Institute The Gaud\u00ed Research Institute TGRI is writing a new story about Gaud\u00ed: the authentic Gaud\u00ed that we can now finally discovery. About us World Congress The World &hellip; <\/p>\n<p class=\"link-more\"><a href=\"https:\/\/tgaudiri.org\/zh\/15c42-web-agency-gb-home\/\" class=\"more-link\">Read more<span class=\"screen-reader-text\"> &#8220;Home_22\/6&#8221;<\/span><\/a><\/p>","protected":false},"author":3,"featured_media":0,"parent":0,"menu_order":0,"comment_status":"closed","ping_status":"closed","template":"elementor_header_footer","meta":{"_acf_changed":false,"_themeisle_gutenberg_block_has_review":false,"_ti_tpc_template_sync":false,"_ti_tpc_template_id":"5udqur826ojgsxrmsxsc","footnotes":""},"class_list":["post-5","page","type-page","status-publish","hentry"],"acf":[],"featured_media_urls":[],"_links":{"self":[{"href":"https:\/\/tgaudiri.org\/zh\/wp-json\/wp\/v2\/pages\/5","targetHints":{"allow":["GET"]}}],"collection":[{"href":"https:\/\/tgaudiri.org\/zh\/wp-json\/wp\/v2\/pages"}],"about":[{"href":"https:\/\/tgaudiri.org\/zh\/wp-json\/wp\/v2\/types\/page"}],"author":[{"embeddable":true,"href":"https:\/\/tgaudiri.org\/zh\/wp-json\/wp\/v2\/users\/3"}],"replies":[{"embeddable":true,"href":"https:\/\/tgaudiri.org\/zh\/wp-json\/wp\/v2\/comments?post=5"}],"version-history":[{"count":186,"href":"https:\/\/tgaudiri.org\/zh\/wp-json\/wp\/v2\/pages\/5\/revisions"}],"predecessor-version":[{"id":1246,"href":"https:\/\/tgaudiri.org\/zh\/wp-json\/wp\/v2\/pages\/5\/revisions\/1246"}],"wp:attachment":[{"href":"https:\/\/tgaudiri.org\/zh\/wp-json\/wp\/v2\/media?parent=5"}],"curies":[{"name":"wp","href":"https:\/\/api.w.org\/{rel}","templated":true}]}}